{"id":1219,"date":"2020-12-23T09:30:22","date_gmt":"2020-12-23T09:30:22","guid":{"rendered":"https:\/\/roserchillon.com\/bio\/"},"modified":"2025-11-27T16:21:38","modified_gmt":"2025-11-27T16:21:38","slug":"bio","status":"publish","type":"page","link":"https:\/\/roserchillon.com\/es\/bio\/","title":{"rendered":"BIO"},"content":{"rendered":"<p>[et_pb_section fb_built=\u00bb1&#8243; _builder_version=\u00bb4.27.4&#8243; _module_preset=\u00bbdefault\u00bb background_color=\u00bbrgba(0,0,0,0.2)\u00bb custom_margin=\u00bb||||false|false\u00bb custom_padding=\u00bb15px||0px||false|false\u00bb global_colors_info=\u00bb{}\u00bb][et_pb_row column_structure=\u00bb2_5,3_5&#8243; _builder_version=\u00bb4.27.4&#8243; _module_preset=\u00bbdefault\u00bb custom_margin=\u00bb||||false|false\u00bb custom_padding=\u00bb10px||10px||false|false\u00bb global_colors_info=\u00bb{}\u00bb][et_pb_column type=\u00bb2_5&#8243; _builder_version=\u00bb4.16&#8243; _module_preset=\u00bbdefault\u00bb global_colors_info=\u00bb{}\u00bb][et_pb_text admin_label=\u00bbCall to action\u00bb _builder_version=\u00bb4.27.4&#8243; _module_preset=\u00bbdefault\u00bb header_font=\u00bbShrikhand||||||||\u00bb header_text_color=\u00bb#000000&#8243; header_font_size=\u00bb60px\u00bb custom_margin=\u00bb||||false|false\u00bb custom_padding=\u00bb||||false|false\u00bb header_font_size_tablet=\u00bb42px\u00bb header_font_size_phone=\u00bb42px\u00bb header_font_size_last_edited=\u00bbon|phone\u00bb global_colors_info=\u00bb{}\u00bb]<\/p>\n<h1>Sobre mi<\/h1>\n<p>[\/et_pb_text][\/et_pb_column][et_pb_column type=\u00bb3_5&#8243; _builder_version=\u00bb4.16&#8243; _module_preset=\u00bbdefault\u00bb global_colors_info=\u00bb{}\u00bb][et_pb_text _builder_version=\u00bb4.27.4&#8243; _module_preset=\u00bbdefault\u00bb text_text_color=\u00bb#000000&#8243; text_line_height=\u00bb1.2em\u00bb global_colors_info=\u00bb{}\u00bb]<\/p>\n<p>Hola! Soy <b>Roser Chill\u00f3n<\/b>, dise\u00f1adora gr\u00e1fica e ilustradora, especializada en dar forma visual a proyectos con alma. Os invito a conocer un poco mi camino, mi pasi\u00f3n y mis herramientas.<\/p>\n<p>[\/et_pb_text][\/et_pb_column][\/et_pb_row][\/et_pb_section][et_pb_section fb_built=\u00bb1&#8243; _builder_version=\u00bb4.16&#8243; _module_preset=\u00bbdefault\u00bb global_colors_info=\u00bb{}\u00bb][et_pb_row column_structure=\u00bb1_3,1_3,1_3&#8243; _builder_version=\u00bb4.16&#8243; _module_preset=\u00bbdefault\u00bb global_colors_info=\u00bb{}\u00bb][et_pb_column type=\u00bb1_3&#8243; _builder_version=\u00bb4.16&#8243; _module_preset=\u00bbdefault\u00bb global_colors_info=\u00bb{}\u00bb][et_pb_image src=\u00bbhttps:\/\/roserchillon.com\/wp-content\/uploads\/2025\/08\/roser-chillon-dissenyadora-grafica-barcelona-fons-groc.jpg\u00bb title_text=\u00bbroser chillon dise\u00f1adora gr\u00e1fica barcelona\u00bb align=\u00bbright\u00bb _builder_version=\u00bb4.27.4&#8243; _module_preset=\u00bbdefault\u00bb module_alignment=\u00bbright\u00bb max_height=\u00bb542px\u00bb global_colors_info=\u00bb{}\u00bb][\/et_pb_image][\/et_pb_column][et_pb_column type=\u00bb1_3&#8243; _builder_version=\u00bb4.16&#8243; _module_preset=\u00bbdefault\u00bb global_colors_info=\u00bb{}\u00bb][et_pb_text admin_label=\u00bbBio columna 1&#8243; _builder_version=\u00bb4.27.4&#8243; _module_preset=\u00bbdefault\u00bb custom_padding=\u00bb||0px|||\u00bb global_colors_info=\u00bb{}\u00bb]<\/p>\n<p>Hola! Soy Roser, dise\u00f1adora gr\u00e1fica, ilustradora y, desde Barcelona &#8217;92 (\u00a1gracies, Mariscal!), una fan\u00e1tica de los colores y las formas que impactan.<\/p>\n<p>Para mi, el dise\u00f1o y la ilustraci\u00f3n van de la mano: no se trata solamente de hacerlo m\u00e1s agradable a la vista, sino de capturar emociones y comunicar ideas que realmente conecten. Me encanta investigar y aprender (s\u00ed, pas\u00e9 por el HTML, pero ahora prefiero WordPress!), porque la excelencia profesional es mi lema.<\/p>\n<p>Per cierto, si me buscas, probablemente estoy leyendo \u2014\u00a1no es casualidad que el dise\u00f1o editorial haya sido una de mis especialidades!\u2014 o inspir\u00e1ndome con otras creadoras en Pinterest.<\/p>\n<p>[\/et_pb_text][\/et_pb_column][et_pb_column type=\u00bb1_3&#8243; _builder_version=\u00bb4.16&#8243; _module_preset=\u00bbdefault\u00bb global_colors_info=\u00bb{}\u00bb][et_pb_text admin_label=\u00bbBio columna 2&#8243; _builder_version=\u00bb4.27.4&#8243; _module_preset=\u00bbdefault\u00bb ul_font=\u00bb||||||||\u00bb header_2_font=\u00bbShrikhand||||||||\u00bb header_2_font_size=\u00bb32px\u00bb header_2_line_height=\u00bb1.5em\u00bb header_3_font=\u00bbShrikhand||||||||\u00bb header_3_font_size=\u00bb32px\u00bb header_3_line_height=\u00bb1.8em\u00bb global_colors_info=\u00bb{}\u00bb]<\/p>\n<p>En los \u00faltimos a\u00f1os mi ruta profesional ha tomado un giro inspirador hacia la econom\u00eda social y el tercer sector, y la verdad es que no hay vuelta atr\u00e1s. He aprendido que trabajar no s\u00f3lo significa cumplir con las labores diarias, sino que puede ser una colaboraci\u00f3n transformadora. Me decanto m\u00e1s por los proyectos \u00e9ticos, aunque no me hagan millonaria.<\/p>\n<p>Ah, y adem\u00e1s, hablo, escribo, pienso y dibujo en catal\u00e1n, es mi lengua y mi cultura. Publicar contenido en catal\u00e1n no es s\u00f3lo mi elecci\u00f3n personal, sino una forma de mantener vivo el tejido cultural que me ha formado. Pero I can do it en m\u00e1s idiomas, \u00a1eh!<\/p>\n<h2>Hablamos?<\/h2>\n<p>[\/et_pb_text][\/et_pb_column][\/et_pb_row][et_pb_row _builder_version=\u00bb4.16&#8243; _module_preset=\u00bbdefault\u00bb global_colors_info=\u00bb{}\u00bb][et_pb_column type=\u00bb4_4&#8243; _builder_version=\u00bb4.16&#8243; _module_preset=\u00bbdefault\u00bb global_colors_info=\u00bb{}\u00bb][et_pb_text admin_label=\u00bbCall to action\u00bb _builder_version=\u00bb4.27.4&#8243; _module_preset=\u00bbdefault\u00bb header_font=\u00bbShrikhand||||||||\u00bb header_text_color=\u00bb#000000&#8243; header_font_size=\u00bb42px\u00bb hover_enabled=\u00bb0&#8243; header_font_size_tablet=\u00bb42px\u00bb header_font_size_phone=\u00bb42px\u00bb header_font_size_last_edited=\u00bbon|phone\u00bb global_colors_info=\u00bb{}\u00bb sticky_enabled=\u00bb0&#8243;]<\/p>\n<h1>No esperes m\u00e1s, ponte en contacto conmigo y avancemos hacia un dise\u00f1o m\u00e1s personal y \u00fanico.<\/h1>\n<p>[\/et_pb_text][\/et_pb_column][\/et_pb_row][\/et_pb_section]<\/p>\n","protected":false},"excerpt":{"rendered":"<p>Sobre miHola! Soy Roser Chill\u00f3n, dise\u00f1adora gr\u00e1fica e ilustradora, especializada en dar forma visual a proyectos con alma. Os invito a conocer un poco mi camino, mi pasi\u00f3n y mis herramientas.Hola! Soy Roser, dise\u00f1adora gr\u00e1fica, ilustradora y, desde Barcelona &#8217;92 (\u00a1gracies, Mariscal!), una fan\u00e1tica de los colores y las formas que impactan. Para mi, el [&hellip;]<\/p>\n","protected":false},"author":1,"featured_media":0,"parent":0,"menu_order":0,"comment_status":"closed","ping_status":"closed","template":"","meta":{"_et_pb_use_builder":"on","_et_pb_old_content":"","_et_gb_content_width":"","footnotes":""},"class_list":["post-1219","page","type-page","status-publish","hentry"],"yoast_head":"<!-- This site is optimized with the Yoast SEO plugin v27.5 - https:\/\/yoast.com\/product\/yoast-seo-wordpress\/ -->\n<title>BIO - Roser Chill\u00f3n i Costa Disse\u00f1o<\/title>\n<meta name=\"robots\" content=\"index, follow, max-snippet:-1, max-image-preview:large, max-video-preview:-1\" \/>\n<link rel=\"canonical\" href=\"https:\/\/roserchillon.com\/es\/bio\/\" \/>\n<meta property=\"og:locale\" content=\"es_ES\" \/>\n<meta property=\"og:type\" content=\"article\" \/>\n<meta property=\"og:title\" content=\"BIO - Roser Chill\u00f3n i Costa Disse\u00f1o\" \/>\n<meta property=\"og:description\" content=\"Sobre miHola! Soy Roser Chill\u00f3n, dise\u00f1adora gr\u00e1fica e ilustradora, especializada en dar forma visual a proyectos con alma. Os invito a conocer un poco mi camino, mi pasi\u00f3n y mis herramientas.Hola! Soy Roser, dise\u00f1adora gr\u00e1fica, ilustradora y, desde Barcelona &#039;92 (\u00a1gracies, Mariscal!), una fan\u00e1tica de los colores y las formas que impactan. Para mi, el [&hellip;]\" \/>\n<meta property=\"og:url\" content=\"https:\/\/roserchillon.com\/es\/bio\/\" \/>\n<meta property=\"og:site_name\" content=\"Roser Chill\u00f3n i Costa Disse\u00f1o\" \/>\n<meta property=\"article:modified_time\" content=\"2025-11-27T16:21:38+00:00\" \/>\n<meta name=\"twitter:card\" content=\"summary_large_image\" \/>\n<meta name=\"twitter:label1\" content=\"Tiempo de lectura\" \/>\n\t<meta name=\"twitter:data1\" content=\"4 minutos\" \/>\n<script type=\"application\/ld+json\" class=\"yoast-schema-graph\">{\"@context\":\"https:\\\/\\\/schema.org\",\"@graph\":[{\"@type\":\"WebPage\",\"@id\":\"https:\\\/\\\/roserchillon.com\\\/es\\\/bio\\\/\",\"url\":\"https:\\\/\\\/roserchillon.com\\\/es\\\/bio\\\/\",\"name\":\"BIO - Roser Chill\u00f3n i Costa Disse\u00f1o\",\"isPartOf\":{\"@id\":\"https:\\\/\\\/roserchillon.com\\\/es\\\/#website\"},\"datePublished\":\"2020-12-23T09:30:22+00:00\",\"dateModified\":\"2025-11-27T16:21:38+00:00\",\"breadcrumb\":{\"@id\":\"https:\\\/\\\/roserchillon.com\\\/es\\\/bio\\\/#breadcrumb\"},\"inLanguage\":\"es\",\"potentialAction\":[{\"@type\":\"ReadAction\",\"target\":[\"https:\\\/\\\/roserchillon.com\\\/es\\\/bio\\\/\"]}]},{\"@type\":\"BreadcrumbList\",\"@id\":\"https:\\\/\\\/roserchillon.com\\\/es\\\/bio\\\/#breadcrumb\",\"itemListElement\":[{\"@type\":\"ListItem\",\"position\":1,\"name\":\"Inici\",\"item\":\"https:\\\/\\\/roserchillon.com\\\/es\\\/inicio\\\/\"},{\"@type\":\"ListItem\",\"position\":2,\"name\":\"BIO\"}]},{\"@type\":\"WebSite\",\"@id\":\"https:\\\/\\\/roserchillon.com\\\/es\\\/#website\",\"url\":\"https:\\\/\\\/roserchillon.com\\\/es\\\/\",\"name\":\"Roser Chill\u00f3n i Costa Disseny\",\"description\":\"DISE\u00d1O GR\u00c1\",\"publisher\":{\"@id\":\"https:\\\/\\\/roserchillon.com\\\/es\\\/#\\\/schema\\\/person\\\/050e8d65371ec6c487ee4d8437aa981d\"},\"potentialAction\":[{\"@type\":\"SearchAction\",\"target\":{\"@type\":\"EntryPoint\",\"urlTemplate\":\"https:\\\/\\\/roserchillon.com\\\/es\\\/?s={search_term_string}\"},\"query-input\":{\"@type\":\"PropertyValueSpecification\",\"valueRequired\":true,\"valueName\":\"search_term_string\"}}],\"inLanguage\":\"es\"},{\"@type\":[\"Person\",\"Organization\"],\"@id\":\"https:\\\/\\\/roserchillon.com\\\/es\\\/#\\\/schema\\\/person\\\/050e8d65371ec6c487ee4d8437aa981d\",\"name\":\"gestorwebroser\",\"image\":{\"@type\":\"ImageObject\",\"inLanguage\":\"es\",\"@id\":\"https:\\\/\\\/roserchillon.com\\\/wp-content\\\/uploads\\\/2025\\\/02\\\/rosercamera-1024x1024.jpg\",\"url\":\"https:\\\/\\\/roserchillon.com\\\/wp-content\\\/uploads\\\/2025\\\/02\\\/rosercamera-1024x1024.jpg\",\"contentUrl\":\"https:\\\/\\\/roserchillon.com\\\/wp-content\\\/uploads\\\/2025\\\/02\\\/rosercamera-1024x1024.jpg\",\"width\":1024,\"height\":1024,\"caption\":\"gestorwebroser\"},\"logo\":{\"@id\":\"https:\\\/\\\/roserchillon.com\\\/wp-content\\\/uploads\\\/2025\\\/02\\\/rosercamera-1024x1024.jpg\"},\"sameAs\":[\"http:\\\/\\\/roserchillon.com\"]}]}<\/script>\n<!-- \/ Yoast SEO plugin. -->","yoast_head_json":{"title":"BIO - Roser Chill\u00f3n i Costa Disse\u00f1o","robots":{"index":"index","follow":"follow","max-snippet":"max-snippet:-1","max-image-preview":"max-image-preview:large","max-video-preview":"max-video-preview:-1"},"canonical":"https:\/\/roserchillon.com\/es\/bio\/","og_locale":"es_ES","og_type":"article","og_title":"BIO - Roser Chill\u00f3n i Costa Disse\u00f1o","og_description":"Sobre miHola! Soy Roser Chill\u00f3n, dise\u00f1adora gr\u00e1fica e ilustradora, especializada en dar forma visual a proyectos con alma. Os invito a conocer un poco mi camino, mi pasi\u00f3n y mis herramientas.Hola! Soy Roser, dise\u00f1adora gr\u00e1fica, ilustradora y, desde Barcelona '92 (\u00a1gracies, Mariscal!), una fan\u00e1tica de los colores y las formas que impactan. Para mi, el [&hellip;]","og_url":"https:\/\/roserchillon.com\/es\/bio\/","og_site_name":"Roser Chill\u00f3n i Costa Disse\u00f1o","article_modified_time":"2025-11-27T16:21:38+00:00","twitter_card":"summary_large_image","twitter_misc":{"Tiempo de lectura":"4 minutos"},"schema":{"@context":"https:\/\/schema.org","@graph":[{"@type":"WebPage","@id":"https:\/\/roserchillon.com\/es\/bio\/","url":"https:\/\/roserchillon.com\/es\/bio\/","name":"BIO - Roser Chill\u00f3n i Costa Disse\u00f1o","isPartOf":{"@id":"https:\/\/roserchillon.com\/es\/#website"},"datePublished":"2020-12-23T09:30:22+00:00","dateModified":"2025-11-27T16:21:38+00:00","breadcrumb":{"@id":"https:\/\/roserchillon.com\/es\/bio\/#breadcrumb"},"inLanguage":"es","potentialAction":[{"@type":"ReadAction","target":["https:\/\/roserchillon.com\/es\/bio\/"]}]},{"@type":"BreadcrumbList","@id":"https:\/\/roserchillon.com\/es\/bio\/#breadcrumb","itemListElement":[{"@type":"ListItem","position":1,"name":"Inici","item":"https:\/\/roserchillon.com\/es\/inicio\/"},{"@type":"ListItem","position":2,"name":"BIO"}]},{"@type":"WebSite","@id":"https:\/\/roserchillon.com\/es\/#website","url":"https:\/\/roserchillon.com\/es\/","name":"Roser Chill\u00f3n i Costa Disseny","description":"DISE\u00d1O GR\u00c1","publisher":{"@id":"https:\/\/roserchillon.com\/es\/#\/schema\/person\/050e8d65371ec6c487ee4d8437aa981d"},"potentialAction":[{"@type":"SearchAction","target":{"@type":"EntryPoint","urlTemplate":"https:\/\/roserchillon.com\/es\/?s={search_term_string}"},"query-input":{"@type":"PropertyValueSpecification","valueRequired":true,"valueName":"search_term_string"}}],"inLanguage":"es"},{"@type":["Person","Organization"],"@id":"https:\/\/roserchillon.com\/es\/#\/schema\/person\/050e8d65371ec6c487ee4d8437aa981d","name":"gestorwebroser","image":{"@type":"ImageObject","inLanguage":"es","@id":"https:\/\/roserchillon.com\/wp-content\/uploads\/2025\/02\/rosercamera-1024x1024.jpg","url":"https:\/\/roserchillon.com\/wp-content\/uploads\/2025\/02\/rosercamera-1024x1024.jpg","contentUrl":"https:\/\/roserchillon.com\/wp-content\/uploads\/2025\/02\/rosercamera-1024x1024.jpg","width":1024,"height":1024,"caption":"gestorwebroser"},"logo":{"@id":"https:\/\/roserchillon.com\/wp-content\/uploads\/2025\/02\/rosercamera-1024x1024.jpg"},"sameAs":["http:\/\/roserchillon.com"]}]}},"_links":{"self":[{"href":"https:\/\/roserchillon.com\/es\/wp-json\/wp\/v2\/pages\/1219","targetHints":{"allow":["GET"]}}],"collection":[{"href":"https:\/\/roserchillon.com\/es\/wp-json\/wp\/v2\/pages"}],"about":[{"href":"https:\/\/roserchillon.com\/es\/wp-json\/wp\/v2\/types\/page"}],"author":[{"embeddable":true,"href":"https:\/\/roserchillon.com\/es\/wp-json\/wp\/v2\/users\/1"}],"replies":[{"embeddable":true,"href":"https:\/\/roserchillon.com\/es\/wp-json\/wp\/v2\/comments?post=1219"}],"version-history":[{"count":2,"href":"https:\/\/roserchillon.com\/es\/wp-json\/wp\/v2\/pages\/1219\/revisions"}],"predecessor-version":[{"id":1221,"href":"https:\/\/roserchillon.com\/es\/wp-json\/wp\/v2\/pages\/1219\/revisions\/1221"}],"wp:attachment":[{"href":"https:\/\/roserchillon.com\/es\/wp-json\/wp\/v2\/media?parent=1219"}],"curies":[{"name":"wp","href":"https:\/\/api.w.org\/{rel}","templated":true}]}}