{"id":1222,"date":"2023-02-17T12:12:15","date_gmt":"2023-02-17T12:12:15","guid":{"rendered":"https:\/\/roserchillon.com\/blog\/"},"modified":"2025-11-27T16:23:53","modified_gmt":"2025-11-27T16:23:53","slug":"blog","status":"publish","type":"page","link":"https:\/\/roserchillon.com\/es\/blog\/","title":{"rendered":"Blog"},"content":{"rendered":"<p>[et_pb_section fb_built=\u00bb1&#8243; _builder_version=\u00bb4.19.4&#8243; _module_preset=\u00bbdefault\u00bb global_colors_info=\u00bb{}\u00bb][et_pb_row _builder_version=\u00bb4.19.4&#8243; _module_preset=\u00bbdefault\u00bb global_colors_info=\u00bb{}\u00bb][et_pb_column type=\u00bb4_4&#8243; _builder_version=\u00bb4.19.4&#8243; _module_preset=\u00bbdefault\u00bb global_colors_info=\u00bb{}\u00bb][et_pb_text _builder_version=\u00bb4.19.4&#8243; _module_preset=\u00bbdefault\u00bb header_font=\u00bbShrikhand|800|||||||\u00bb header_text_color=\u00bb#000000&#8243; header_font_size=\u00bb90px\u00bb global_colors_info=\u00bb{}\u00bb]<\/p>\n<h1>Blog<\/h1>\n<p>[\/et_pb_text][\/et_pb_column][\/et_pb_row][et_pb_row _builder_version=\u00bb4.19.4&#8243; _module_preset=\u00bbdefault\u00bb global_colors_info=\u00bb{}\u00bb][et_pb_column type=\u00bb4_4&#8243; _builder_version=\u00bb4.19.4&#8243; _module_preset=\u00bbdefault\u00bb global_colors_info=\u00bb{}\u00bb][et_pb_text _builder_version=\u00bb4.19.4&#8243; _module_preset=\u00bbdefault\u00bb text_font=\u00bbMontserrat|300|||||||\u00bb text_font_size=\u00bb32px\u00bb text_line_height=\u00bb1.1em\u00bb header_font=\u00bbRaleway|800|||||||\u00bb header_text_color=\u00bb#000000&#8243; header_font_size=\u00bb84px\u00bb global_colors_info=\u00bb{}\u00bb]<\/p>\n<p>Creatividades, noticias, recomendaciones, clientes, trabajos&#8230; En definitiva, aqu\u00ed expongo una recopilaci\u00f3n de momentos, proyectos art\u00edsticos, sue\u00f1os y pensamientos. <\/p>\n<p>[\/et_pb_text][\/et_pb_column][\/et_pb_row][et_pb_row column_structure=\u00bb3_4,1_4&#8243; _builder_version=\u00bb4.19.4&#8243; _module_preset=\u00bbdefault\u00bb global_colors_info=\u00bb{}\u00bb][et_pb_column type=\u00bb3_4&#8243; _builder_version=\u00bb4.19.4&#8243; _module_preset=\u00bbdefault\u00bb global_colors_info=\u00bb{}\u00bb][et_pb_blog fullwidth=\u00bboff\u00bb include_categories=\u00bball\u00bb _builder_version=\u00bb4.19.4&#8243; _module_preset=\u00bbdefault\u00bb header_font=\u00bb|800|||||||\u00bb header_text_color=\u00bb#e6007e\u00bb body_font_size=\u00bb15px\u00bb meta_font=\u00bb|700|||||||\u00bb meta_text_color=\u00bb#b7b7b7&#8243; border_width_all=\u00bb0px\u00bb box_shadow_style=\u00bbpreset1&#8243; global_colors_info=\u00bb{}\u00bb][\/et_pb_blog][\/et_pb_column][et_pb_column type=\u00bb1_4&#8243; _builder_version=\u00bb4.19.4&#8243; _module_preset=\u00bbdefault\u00bb global_colors_info=\u00bb{}\u00bb][et_pb_sidebar _builder_version=\u00bb4.19.4&#8243; _module_preset=\u00bbdefault\u00bb global_colors_info=\u00bb{}\u00bb][\/et_pb_sidebar][\/et_pb_column][\/et_pb_row][\/et_pb_section]<\/p>\n","protected":false},"excerpt":{"rendered":"<p>BlogCreatividades, noticias, recomendaciones, clientes, trabajos&#8230; En definitiva, aqu\u00ed expongo una recopilaci\u00f3n de momentos, proyectos art\u00edsticos, sue\u00f1os y pensamientos.<\/p>\n","protected":false},"author":1,"featured_media":0,"parent":0,"menu_order":0,"comment_status":"closed","ping_status":"closed","template":"","meta":{"_et_pb_use_builder":"on","_et_pb_old_content":"","_et_gb_content_width":"","footnotes":""},"class_list":["post-1222","page","type-page","status-publish","hentry"],"yoast_head":"<!-- This site is optimized with the Yoast SEO plugin v27.5 - https:\/\/yoast.com\/product\/yoast-seo-wordpress\/ -->\n<title>Blog - Roser Chill\u00f3n i Costa Disse\u00f1o<\/title>\n<meta name=\"robots\" content=\"index, follow, max-snippet:-1, max-image-preview:large, max-video-preview:-1\" \/>\n<link rel=\"canonical\" href=\"https:\/\/roserchillon.com\/es\/blog\/\" \/>\n<meta property=\"og:locale\" content=\"es_ES\" \/>\n<meta property=\"og:type\" content=\"article\" \/>\n<meta property=\"og:title\" content=\"Blog - Roser Chill\u00f3n i Costa Disse\u00f1o\" \/>\n<meta property=\"og:description\" content=\"BlogCreatividades, noticias, recomendaciones, clientes, trabajos... En definitiva, aqu\u00ed expongo una recopilaci\u00f3n de momentos, proyectos art\u00edsticos, sue\u00f1os y pensamientos.\" \/>\n<meta property=\"og:url\" content=\"https:\/\/roserchillon.com\/es\/blog\/\" \/>\n<meta property=\"og:site_name\" content=\"Roser Chill\u00f3n i Costa Disse\u00f1o\" \/>\n<meta property=\"article:modified_time\" content=\"2025-11-27T16:23:53+00:00\" \/>\n<meta name=\"twitter:card\" content=\"summary_large_image\" \/>\n<meta name=\"twitter:label1\" content=\"Tiempo de lectura\" \/>\n\t<meta name=\"twitter:data1\" content=\"1 minuto\" \/>\n<script type=\"application\/ld+json\" class=\"yoast-schema-graph\">{\"@context\":\"https:\\\/\\\/schema.org\",\"@graph\":[{\"@type\":\"WebPage\",\"@id\":\"https:\\\/\\\/roserchillon.com\\\/es\\\/blog\\\/\",\"url\":\"https:\\\/\\\/roserchillon.com\\\/es\\\/blog\\\/\",\"name\":\"Blog - Roser Chill\u00f3n i Costa Disse\u00f1o\",\"isPartOf\":{\"@id\":\"https:\\\/\\\/roserchillon.com\\\/es\\\/#website\"},\"datePublished\":\"2023-02-17T12:12:15+00:00\",\"dateModified\":\"2025-11-27T16:23:53+00:00\",\"breadcrumb\":{\"@id\":\"https:\\\/\\\/roserchillon.com\\\/es\\\/blog\\\/#breadcrumb\"},\"inLanguage\":\"es\",\"potentialAction\":[{\"@type\":\"ReadAction\",\"target\":[\"https:\\\/\\\/roserchillon.com\\\/es\\\/blog\\\/\"]}]},{\"@type\":\"BreadcrumbList\",\"@id\":\"https:\\\/\\\/roserchillon.com\\\/es\\\/blog\\\/#breadcrumb\",\"itemListElement\":[{\"@type\":\"ListItem\",\"position\":1,\"name\":\"Inici\",\"item\":\"https:\\\/\\\/roserchillon.com\\\/es\\\/inicio\\\/\"},{\"@type\":\"ListItem\",\"position\":2,\"name\":\"Blog\"}]},{\"@type\":\"WebSite\",\"@id\":\"https:\\\/\\\/roserchillon.com\\\/es\\\/#website\",\"url\":\"https:\\\/\\\/roserchillon.com\\\/es\\\/\",\"name\":\"Roser Chill\u00f3n i Costa Disseny\",\"description\":\"DISE\u00d1O GR\u00c1\",\"publisher\":{\"@id\":\"https:\\\/\\\/roserchillon.com\\\/es\\\/#\\\/schema\\\/person\\\/050e8d65371ec6c487ee4d8437aa981d\"},\"potentialAction\":[{\"@type\":\"SearchAction\",\"target\":{\"@type\":\"EntryPoint\",\"urlTemplate\":\"https:\\\/\\\/roserchillon.com\\\/es\\\/?s={search_term_string}\"},\"query-input\":{\"@type\":\"PropertyValueSpecification\",\"valueRequired\":true,\"valueName\":\"search_term_string\"}}],\"inLanguage\":\"es\"},{\"@type\":[\"Person\",\"Organization\"],\"@id\":\"https:\\\/\\\/roserchillon.com\\\/es\\\/#\\\/schema\\\/person\\\/050e8d65371ec6c487ee4d8437aa981d\",\"name\":\"gestorwebroser\",\"image\":{\"@type\":\"ImageObject\",\"inLanguage\":\"es\",\"@id\":\"https:\\\/\\\/roserchillon.com\\\/wp-content\\\/uploads\\\/2025\\\/02\\\/rosercamera-1024x1024.jpg\",\"url\":\"https:\\\/\\\/roserchillon.com\\\/wp-content\\\/uploads\\\/2025\\\/02\\\/rosercamera-1024x1024.jpg\",\"contentUrl\":\"https:\\\/\\\/roserchillon.com\\\/wp-content\\\/uploads\\\/2025\\\/02\\\/rosercamera-1024x1024.jpg\",\"width\":1024,\"height\":1024,\"caption\":\"gestorwebroser\"},\"logo\":{\"@id\":\"https:\\\/\\\/roserchillon.com\\\/wp-content\\\/uploads\\\/2025\\\/02\\\/rosercamera-1024x1024.jpg\"},\"sameAs\":[\"http:\\\/\\\/roserchillon.com\"]}]}<\/script>\n<!-- \/ Yoast SEO plugin. -->","yoast_head_json":{"title":"Blog - Roser Chill\u00f3n i Costa Disse\u00f1o","robots":{"index":"index","follow":"follow","max-snippet":"max-snippet:-1","max-image-preview":"max-image-preview:large","max-video-preview":"max-video-preview:-1"},"canonical":"https:\/\/roserchillon.com\/es\/blog\/","og_locale":"es_ES","og_type":"article","og_title":"Blog - Roser Chill\u00f3n i Costa Disse\u00f1o","og_description":"BlogCreatividades, noticias, recomendaciones, clientes, trabajos... En definitiva, aqu\u00ed expongo una recopilaci\u00f3n de momentos, proyectos art\u00edsticos, sue\u00f1os y pensamientos.","og_url":"https:\/\/roserchillon.com\/es\/blog\/","og_site_name":"Roser Chill\u00f3n i Costa Disse\u00f1o","article_modified_time":"2025-11-27T16:23:53+00:00","twitter_card":"summary_large_image","twitter_misc":{"Tiempo de lectura":"1 minuto"},"schema":{"@context":"https:\/\/schema.org","@graph":[{"@type":"WebPage","@id":"https:\/\/roserchillon.com\/es\/blog\/","url":"https:\/\/roserchillon.com\/es\/blog\/","name":"Blog - Roser Chill\u00f3n i Costa Disse\u00f1o","isPartOf":{"@id":"https:\/\/roserchillon.com\/es\/#website"},"datePublished":"2023-02-17T12:12:15+00:00","dateModified":"2025-11-27T16:23:53+00:00","breadcrumb":{"@id":"https:\/\/roserchillon.com\/es\/blog\/#breadcrumb"},"inLanguage":"es","potentialAction":[{"@type":"ReadAction","target":["https:\/\/roserchillon.com\/es\/blog\/"]}]},{"@type":"BreadcrumbList","@id":"https:\/\/roserchillon.com\/es\/blog\/#breadcrumb","itemListElement":[{"@type":"ListItem","position":1,"name":"Inici","item":"https:\/\/roserchillon.com\/es\/inicio\/"},{"@type":"ListItem","position":2,"name":"Blog"}]},{"@type":"WebSite","@id":"https:\/\/roserchillon.com\/es\/#website","url":"https:\/\/roserchillon.com\/es\/","name":"Roser Chill\u00f3n i Costa Disseny","description":"DISE\u00d1O GR\u00c1","publisher":{"@id":"https:\/\/roserchillon.com\/es\/#\/schema\/person\/050e8d65371ec6c487ee4d8437aa981d"},"potentialAction":[{"@type":"SearchAction","target":{"@type":"EntryPoint","urlTemplate":"https:\/\/roserchillon.com\/es\/?s={search_term_string}"},"query-input":{"@type":"PropertyValueSpecification","valueRequired":true,"valueName":"search_term_string"}}],"inLanguage":"es"},{"@type":["Person","Organization"],"@id":"https:\/\/roserchillon.com\/es\/#\/schema\/person\/050e8d65371ec6c487ee4d8437aa981d","name":"gestorwebroser","image":{"@type":"ImageObject","inLanguage":"es","@id":"https:\/\/roserchillon.com\/wp-content\/uploads\/2025\/02\/rosercamera-1024x1024.jpg","url":"https:\/\/roserchillon.com\/wp-content\/uploads\/2025\/02\/rosercamera-1024x1024.jpg","contentUrl":"https:\/\/roserchillon.com\/wp-content\/uploads\/2025\/02\/rosercamera-1024x1024.jpg","width":1024,"height":1024,"caption":"gestorwebroser"},"logo":{"@id":"https:\/\/roserchillon.com\/wp-content\/uploads\/2025\/02\/rosercamera-1024x1024.jpg"},"sameAs":["http:\/\/roserchillon.com"]}]}},"_links":{"self":[{"href":"https:\/\/roserchillon.com\/es\/wp-json\/wp\/v2\/pages\/1222","targetHints":{"allow":["GET"]}}],"collection":[{"href":"https:\/\/roserchillon.com\/es\/wp-json\/wp\/v2\/pages"}],"about":[{"href":"https:\/\/roserchillon.com\/es\/wp-json\/wp\/v2\/types\/page"}],"author":[{"embeddable":true,"href":"https:\/\/roserchillon.com\/es\/wp-json\/wp\/v2\/users\/1"}],"replies":[{"embeddable":true,"href":"https:\/\/roserchillon.com\/es\/wp-json\/wp\/v2\/comments?post=1222"}],"version-history":[{"count":2,"href":"https:\/\/roserchillon.com\/es\/wp-json\/wp\/v2\/pages\/1222\/revisions"}],"predecessor-version":[{"id":1224,"href":"https:\/\/roserchillon.com\/es\/wp-json\/wp\/v2\/pages\/1222\/revisions\/1224"}],"wp:attachment":[{"href":"https:\/\/roserchillon.com\/es\/wp-json\/wp\/v2\/media?parent=1222"}],"curies":[{"name":"wp","href":"https:\/\/api.w.org\/{rel}","templated":true}]}}