{"id":1240,"date":"2025-10-21T16:44:28","date_gmt":"2025-10-21T16:44:28","guid":{"rendered":"https:\/\/roserchillon.com\/trabajos\/"},"modified":"2025-11-27T16:35:11","modified_gmt":"2025-11-27T16:35:11","slug":"trabajos","status":"publish","type":"page","link":"https:\/\/roserchillon.com\/es\/trabajos\/","title":{"rendered":"Trabajos"},"content":{"rendered":"<p>[et_pb_section fb_built=\u00bb1&#8243; _builder_version=\u00bb4.27.4&#8243; _module_preset=\u00bbdefault\u00bb background_color=\u00bbrgba(0,0,0,0.2)\u00bb custom_margin=\u00bb||||false|false\u00bb custom_padding=\u00bb15px||0px||false|false\u00bb hover_enabled=\u00bb0&#8243; global_colors_info=\u00bb{}\u00bb sticky_enabled=\u00bb0&#8243;][et_pb_row column_structure=\u00bb2_5,3_5&#8243; _builder_version=\u00bb4.27.4&#8243; _module_preset=\u00bbdefault\u00bb custom_margin=\u00bb||||false|false\u00bb custom_padding=\u00bb10px||10px||false|false\u00bb hover_enabled=\u00bb0&#8243; global_colors_info=\u00bb{}\u00bb sticky_enabled=\u00bb0&#8243;][et_pb_column type=\u00bb2_5&#8243; _builder_version=\u00bb4.16&#8243; _module_preset=\u00bbdefault\u00bb global_colors_info=\u00bb{}\u00bb][et_pb_text admin_label=\u00bbCall to action\u00bb _builder_version=\u00bb4.27.4&#8243; _module_preset=\u00bbdefault\u00bb header_font=\u00bbShrikhand||||||||\u00bb header_text_color=\u00bb#000000&#8243; header_font_size=\u00bb60px\u00bb custom_margin=\u00bb||||false|false\u00bb custom_padding=\u00bb||||false|false\u00bb hover_enabled=\u00bb0&#8243; header_font_size_tablet=\u00bb42px\u00bb header_font_size_phone=\u00bb42px\u00bb header_font_size_last_edited=\u00bbon|phone\u00bb global_colors_info=\u00bb{}\u00bb sticky_enabled=\u00bb0&#8243;]<\/p>\n<h1>Portfolio<\/h1>\n<p>[\/et_pb_text][\/et_pb_column][et_pb_column type=\u00bb3_5&#8243; _builder_version=\u00bb4.16&#8243; _module_preset=\u00bbdefault\u00bb global_colors_info=\u00bb{}\u00bb][et_pb_text _builder_version=\u00bb4.27.4&#8243; _module_preset=\u00bbdefault\u00bb text_text_color=\u00bb#000000&#8243; hover_enabled=\u00bb0&#8243; global_colors_info=\u00bb{}\u00bb text_line_height=\u00bb1.2em\u00bb sticky_enabled=\u00bb0&#8243;]<\/p>\n<p>Aqu\u00ed tiene mi portfolio, una recopilaci\u00f3n donde ver\u00e1 c\u00f3mo transformo la intenci\u00f3n en imagen, dando a cada proyecto una voz propia y coherente. Adelante, despl\u00e1cese y conozca mi trabajo.<\/p>\n<p>[\/et_pb_text][\/et_pb_column][\/et_pb_row][\/et_pb_section][et_pb_section fb_built=\u00bb1&#8243; _builder_version=\u00bb4.27.4&#8243; _module_preset=\u00bbdefault\u00bb global_colors_info=\u00bb{}\u00bb][et_pb_row _builder_version=\u00bb4.27.4&#8243; _module_preset=\u00bbdefault\u00bb global_colors_info=\u00bb{}\u00bb][et_pb_column type=\u00bb4_4&#8243; _builder_version=\u00bb4.27.4&#8243; _module_preset=\u00bbdefault\u00bb global_colors_info=\u00bb{}\u00bb][et_pb_filterable_portfolio fullwidth=\u00bboff\u00bb posts_number=\u00bb30&#8243; zoom_icon_color=\u00bb#FFFFFF\u00bb hover_overlay_color=\u00bbrgba(255,204,0,0.57)\u00bb _builder_version=\u00bb4.27.4&#8243; _module_preset=\u00bbdefault\u00bb title_font=\u00bbFira Sans|800||on|||||\u00bb filter_font=\u00bbFira Sans|||on|||||\u00bb filter_text_color=\u00bb#000000&#8243; filter_font_size=\u00bb16px\u00bb filter_letter_spacing=\u00bb1px\u00bb caption_font=\u00bb||on|on|||||\u00bb caption_text_color=\u00bb#000000&#8243; background_color=\u00bbRGBA(255,255,255,0)\u00bb custom_padding=\u00bb||||false|false\u00bb global_colors_info=\u00bb{}\u00bb][\/et_pb_filterable_portfolio][\/et_pb_column][\/et_pb_row][\/et_pb_section]<\/p>\n","protected":false},"excerpt":{"rendered":"<p>PortfolioAqu\u00ed tiene mi portfolio, una recopilaci\u00f3n donde ver\u00e1 c\u00f3mo transformo la intenci\u00f3n en imagen, dando a cada proyecto una voz propia y coherente. Adelante, despl\u00e1cese y conozca mi trabajo.<\/p>\n","protected":false},"author":1,"featured_media":0,"parent":0,"menu_order":0,"comment_status":"closed","ping_status":"closed","template":"","meta":{"_et_pb_use_builder":"on","_et_pb_old_content":"","_et_gb_content_width":"","footnotes":""},"class_list":["post-1240","page","type-page","status-publish","hentry"],"yoast_head":"<!-- This site is optimized with the Yoast SEO plugin v27.5 - https:\/\/yoast.com\/product\/yoast-seo-wordpress\/ -->\n<title>Trabajos - Roser Chill\u00f3n i Costa Disse\u00f1o<\/title>\n<meta name=\"robots\" content=\"index, follow, max-snippet:-1, max-image-preview:large, max-video-preview:-1\" \/>\n<link rel=\"canonical\" href=\"https:\/\/roserchillon.com\/es\/trabajos\/\" \/>\n<meta property=\"og:locale\" content=\"es_ES\" \/>\n<meta property=\"og:type\" content=\"article\" \/>\n<meta property=\"og:title\" content=\"Trabajos - Roser Chill\u00f3n i Costa Disse\u00f1o\" \/>\n<meta property=\"og:description\" content=\"PortfolioAqu\u00ed tiene mi portfolio, una recopilaci\u00f3n donde ver\u00e1 c\u00f3mo transformo la intenci\u00f3n en imagen, dando a cada proyecto una voz propia y coherente. Adelante, despl\u00e1cese y conozca mi trabajo.\" \/>\n<meta property=\"og:url\" content=\"https:\/\/roserchillon.com\/es\/trabajos\/\" \/>\n<meta property=\"og:site_name\" content=\"Roser Chill\u00f3n i Costa Disse\u00f1o\" \/>\n<meta property=\"article:modified_time\" content=\"2025-11-27T16:35:11+00:00\" \/>\n<meta name=\"twitter:card\" content=\"summary_large_image\" \/>\n<meta name=\"twitter:label1\" content=\"Tiempo de lectura\" \/>\n\t<meta name=\"twitter:data1\" content=\"2 minutos\" \/>\n<script type=\"application\/ld+json\" class=\"yoast-schema-graph\">{\"@context\":\"https:\\\/\\\/schema.org\",\"@graph\":[{\"@type\":\"WebPage\",\"@id\":\"https:\\\/\\\/roserchillon.com\\\/es\\\/trabajos\\\/\",\"url\":\"https:\\\/\\\/roserchillon.com\\\/es\\\/trabajos\\\/\",\"name\":\"Trabajos - Roser Chill\u00f3n i Costa Disse\u00f1o\",\"isPartOf\":{\"@id\":\"https:\\\/\\\/roserchillon.com\\\/es\\\/#website\"},\"datePublished\":\"2025-10-21T16:44:28+00:00\",\"dateModified\":\"2025-11-27T16:35:11+00:00\",\"breadcrumb\":{\"@id\":\"https:\\\/\\\/roserchillon.com\\\/es\\\/trabajos\\\/#breadcrumb\"},\"inLanguage\":\"es\",\"potentialAction\":[{\"@type\":\"ReadAction\",\"target\":[\"https:\\\/\\\/roserchillon.com\\\/es\\\/trabajos\\\/\"]}]},{\"@type\":\"BreadcrumbList\",\"@id\":\"https:\\\/\\\/roserchillon.com\\\/es\\\/trabajos\\\/#breadcrumb\",\"itemListElement\":[{\"@type\":\"ListItem\",\"position\":1,\"name\":\"Inici\",\"item\":\"https:\\\/\\\/roserchillon.com\\\/es\\\/inicio\\\/\"},{\"@type\":\"ListItem\",\"position\":2,\"name\":\"Trabajos\"}]},{\"@type\":\"WebSite\",\"@id\":\"https:\\\/\\\/roserchillon.com\\\/es\\\/#website\",\"url\":\"https:\\\/\\\/roserchillon.com\\\/es\\\/\",\"name\":\"Roser Chill\u00f3n i Costa Disseny\",\"description\":\"DISE\u00d1O GR\u00c1\",\"publisher\":{\"@id\":\"https:\\\/\\\/roserchillon.com\\\/es\\\/#\\\/schema\\\/person\\\/050e8d65371ec6c487ee4d8437aa981d\"},\"potentialAction\":[{\"@type\":\"SearchAction\",\"target\":{\"@type\":\"EntryPoint\",\"urlTemplate\":\"https:\\\/\\\/roserchillon.com\\\/es\\\/?s={search_term_string}\"},\"query-input\":{\"@type\":\"PropertyValueSpecification\",\"valueRequired\":true,\"valueName\":\"search_term_string\"}}],\"inLanguage\":\"es\"},{\"@type\":[\"Person\",\"Organization\"],\"@id\":\"https:\\\/\\\/roserchillon.com\\\/es\\\/#\\\/schema\\\/person\\\/050e8d65371ec6c487ee4d8437aa981d\",\"name\":\"gestorwebroser\",\"image\":{\"@type\":\"ImageObject\",\"inLanguage\":\"es\",\"@id\":\"https:\\\/\\\/roserchillon.com\\\/wp-content\\\/uploads\\\/2025\\\/02\\\/rosercamera-1024x1024.jpg\",\"url\":\"https:\\\/\\\/roserchillon.com\\\/wp-content\\\/uploads\\\/2025\\\/02\\\/rosercamera-1024x1024.jpg\",\"contentUrl\":\"https:\\\/\\\/roserchillon.com\\\/wp-content\\\/uploads\\\/2025\\\/02\\\/rosercamera-1024x1024.jpg\",\"width\":1024,\"height\":1024,\"caption\":\"gestorwebroser\"},\"logo\":{\"@id\":\"https:\\\/\\\/roserchillon.com\\\/wp-content\\\/uploads\\\/2025\\\/02\\\/rosercamera-1024x1024.jpg\"},\"sameAs\":[\"http:\\\/\\\/roserchillon.com\"]}]}<\/script>\n<!-- \/ Yoast SEO plugin. -->","yoast_head_json":{"title":"Trabajos - Roser Chill\u00f3n i Costa Disse\u00f1o","robots":{"index":"index","follow":"follow","max-snippet":"max-snippet:-1","max-image-preview":"max-image-preview:large","max-video-preview":"max-video-preview:-1"},"canonical":"https:\/\/roserchillon.com\/es\/trabajos\/","og_locale":"es_ES","og_type":"article","og_title":"Trabajos - Roser Chill\u00f3n i Costa Disse\u00f1o","og_description":"PortfolioAqu\u00ed tiene mi portfolio, una recopilaci\u00f3n donde ver\u00e1 c\u00f3mo transformo la intenci\u00f3n en imagen, dando a cada proyecto una voz propia y coherente. Adelante, despl\u00e1cese y conozca mi trabajo.","og_url":"https:\/\/roserchillon.com\/es\/trabajos\/","og_site_name":"Roser Chill\u00f3n i Costa Disse\u00f1o","article_modified_time":"2025-11-27T16:35:11+00:00","twitter_card":"summary_large_image","twitter_misc":{"Tiempo de lectura":"2 minutos"},"schema":{"@context":"https:\/\/schema.org","@graph":[{"@type":"WebPage","@id":"https:\/\/roserchillon.com\/es\/trabajos\/","url":"https:\/\/roserchillon.com\/es\/trabajos\/","name":"Trabajos - Roser Chill\u00f3n i Costa Disse\u00f1o","isPartOf":{"@id":"https:\/\/roserchillon.com\/es\/#website"},"datePublished":"2025-10-21T16:44:28+00:00","dateModified":"2025-11-27T16:35:11+00:00","breadcrumb":{"@id":"https:\/\/roserchillon.com\/es\/trabajos\/#breadcrumb"},"inLanguage":"es","potentialAction":[{"@type":"ReadAction","target":["https:\/\/roserchillon.com\/es\/trabajos\/"]}]},{"@type":"BreadcrumbList","@id":"https:\/\/roserchillon.com\/es\/trabajos\/#breadcrumb","itemListElement":[{"@type":"ListItem","position":1,"name":"Inici","item":"https:\/\/roserchillon.com\/es\/inicio\/"},{"@type":"ListItem","position":2,"name":"Trabajos"}]},{"@type":"WebSite","@id":"https:\/\/roserchillon.com\/es\/#website","url":"https:\/\/roserchillon.com\/es\/","name":"Roser Chill\u00f3n i Costa Disseny","description":"DISE\u00d1O GR\u00c1","publisher":{"@id":"https:\/\/roserchillon.com\/es\/#\/schema\/person\/050e8d65371ec6c487ee4d8437aa981d"},"potentialAction":[{"@type":"SearchAction","target":{"@type":"EntryPoint","urlTemplate":"https:\/\/roserchillon.com\/es\/?s={search_term_string}"},"query-input":{"@type":"PropertyValueSpecification","valueRequired":true,"valueName":"search_term_string"}}],"inLanguage":"es"},{"@type":["Person","Organization"],"@id":"https:\/\/roserchillon.com\/es\/#\/schema\/person\/050e8d65371ec6c487ee4d8437aa981d","name":"gestorwebroser","image":{"@type":"ImageObject","inLanguage":"es","@id":"https:\/\/roserchillon.com\/wp-content\/uploads\/2025\/02\/rosercamera-1024x1024.jpg","url":"https:\/\/roserchillon.com\/wp-content\/uploads\/2025\/02\/rosercamera-1024x1024.jpg","contentUrl":"https:\/\/roserchillon.com\/wp-content\/uploads\/2025\/02\/rosercamera-1024x1024.jpg","width":1024,"height":1024,"caption":"gestorwebroser"},"logo":{"@id":"https:\/\/roserchillon.com\/wp-content\/uploads\/2025\/02\/rosercamera-1024x1024.jpg"},"sameAs":["http:\/\/roserchillon.com"]}]}},"_links":{"self":[{"href":"https:\/\/roserchillon.com\/es\/wp-json\/wp\/v2\/pages\/1240","targetHints":{"allow":["GET"]}}],"collection":[{"href":"https:\/\/roserchillon.com\/es\/wp-json\/wp\/v2\/pages"}],"about":[{"href":"https:\/\/roserchillon.com\/es\/wp-json\/wp\/v2\/types\/page"}],"author":[{"embeddable":true,"href":"https:\/\/roserchillon.com\/es\/wp-json\/wp\/v2\/users\/1"}],"replies":[{"embeddable":true,"href":"https:\/\/roserchillon.com\/es\/wp-json\/wp\/v2\/comments?post=1240"}],"version-history":[{"count":2,"href":"https:\/\/roserchillon.com\/es\/wp-json\/wp\/v2\/pages\/1240\/revisions"}],"predecessor-version":[{"id":1242,"href":"https:\/\/roserchillon.com\/es\/wp-json\/wp\/v2\/pages\/1240\/revisions\/1242"}],"wp:attachment":[{"href":"https:\/\/roserchillon.com\/es\/wp-json\/wp\/v2\/media?parent=1240"}],"curies":[{"name":"wp","href":"https:\/\/api.w.org\/{rel}","templated":true}]}}